{"id":1453,"date":"2022-09-20T13:39:08","date_gmt":"2022-09-20T06:39:08","guid":{"rendered":"https:\/\/airplaycar.com\/?post_type=product&#038;p=1453"},"modified":"2023-12-08T20:39:25","modified_gmt":"2023-12-08T13:39:25","slug":"seagate-goflexhome-with-custom-firmware-mynas","status":"publish","type":"product","link":"https:\/\/airplaycar.com\/index.php\/product\/seagate-goflexhome-with-custom-firmware-mynas\/","title":{"rendered":"Dock NAS Seagate v\u1edbi firmware m\u1edbi"},"content":{"rendered":"<p>Dock NAS Seagate GoflexHome (h\u00e0ng t\u1ed3n kho g\u1ea7n nh\u01b0 m\u1edbi) \u0111\u01b0\u1ee3c ch\u1ea1y l\u1ea1i firmware \u0111\u1eb7c bi\u1ec7t th\u00e0nh mini NAS, c\u00f3 th\u1ec3 s\u1eed d\u1ee5ng cho gia \u0111\u00ecnh, v\u0103n ph\u00f2ng nh\u1ecf.<\/p>\n<p>Firmware ho\u1ea1t \u0111\u1ed9ng \u0111\u1ed9c l\u1eadp, t\u00edch h\u1ee3p <a href=\"\/index.php\/knowledge-base\/file-browser-cong-cu-quan-ly-tap-tin-va-thu-muc-bang-giao-dien-web\/\">FileBrowser<\/a> v\u1edbi giao di\u1ec7n web ph\u1ea3n h\u1ed3i nhanh, hi\u1ec7n \u0111\u1ea1i gi\u00fap d\u1ec5 d\u00e0ng qu\u1ea3n l\u00fd d\u1eef li\u1ec7u: upload, delete, preview, rename&#8230; h\u1ed7 tr\u1ee3 thao t\u00e1c tr\u00ean nhi\u1ec1u file c\u00f9ng l\u00fac.<\/p>\n<p>Ch\u1ee9c n\u0103ng truy c\u1eadp t\u1eeb xa qua t\u00ean mi\u1ec1n t\u1ef1 ch\u1ecdn (<a href=\"https:\/\/tinymation.com\">\u0111\u0103ng k\u00fd<\/a>)<strong> https:\/\/xxx.tinymation.com<\/strong> an to\u00e0n, nhanh ch\u00f3ng m\u00e0 kh\u00f4ng c\u1ea7n ph\u1ea3i NAT port tr\u00ean router m\u1ea1ng.<\/p>\n<p>T\u00ednh n\u0103ng chia s\u1ebd d\u1eef li\u1ec7u qua m\u1ea1ng n\u1ed9i b\u1ed9 ho\u1eb7c internet, c\u00f3 ch\u1ee9c n\u0103ng chia s\u1ebd d\u1eef li\u1ec7u b\u1eb1ng <strong>QR code<\/strong> v\u00e0 b\u1ea3o m\u1eadt b\u1eb1ng m\u1eadt kh\u1ea9u.<\/p>\n<p>H\u1ed7 tr\u1ee3 \u1ed5 c\u1ee9ng HDD ho\u1eb7c SSD chu\u1ea9n SATA v\u1edbi dung l\u01b0\u1ee3ng <strong>max 2Tb<\/strong>. C\u00f3 th\u1ec3 g\u1eafn tr\u1ef1c ti\u1ebfp \u1ed5 c\u1ee9ng HDD\/SSD v\u00e0o dock ho\u1eb7c v\u00e0 g\u1eafn qua h\u1ed9p \u1ed5 c\u1ee9ng &#8211; <a href=\"\/index.php\/product\/hop-chua-o-cung-cho-dock-seagate\/\">mua th\u00eam<\/a>.<\/p>\n<p>Ng\u00f4n ng\u1eef: Ti\u1ebfng anh.<\/p>\n<p>Tham kh\u1ea3o th\u00eam m\u1ee5c <a href=\"\/index.php\/knowledge-base\/category\/mynas\/\">h\u01b0\u1edbng d\u1eabn s\u1eed d\u1ee5ng<\/a>.<\/p>\n<p><img decoding=\"async\" loading=\"lazy\" class=\"alignnone wp-image-1475\" src=\"https:\/\/airplaycar.com\/wp-content\/uploads\/2022\/09\/goflex_home_wo_hdd_box-300x225.jpg\" alt=\"\" width=\"422\" height=\"317\" srcset=\"https:\/\/airplaycar.com\/wp-content\/uploads\/2022\/09\/goflex_home_wo_hdd_box-300x225.jpg 300w, https:\/\/airplaycar.com\/wp-content\/uploads\/2022\/09\/goflex_home_wo_hdd_box-768x576.jpg 768w, https:\/\/airplaycar.com\/wp-content\/uploads\/2022\/09\/goflex_home_wo_hdd_box-600x450.jpg 600w, https:\/\/airplaycar.com\/wp-content\/uploads\/2022\/09\/goflex_home_wo_hdd_box.jpg 800w\" sizes=\"(max-width: 422px) 100vw, 422px\" \/><img decoding=\"async\" loading=\"lazy\" class=\"alignnone wp-image-214\" src=\"https:\/\/airplaycar.com\/wp-content\/uploads\/2021\/09\/volume2-300x225.jpg\" alt=\"\" width=\"423\" height=\"317\" srcset=\"https:\/\/airplaycar.com\/wp-content\/uploads\/2021\/09\/volume2-300x225.jpg 300w, https:\/\/airplaycar.com\/wp-content\/uploads\/2021\/09\/volume2-600x450.jpg 600w, https:\/\/airplaycar.com\/wp-content\/uploads\/2021\/09\/volume2.jpg 640w\" sizes=\"(max-width: 423px) 100vw, 423px\" \/><\/p>\n<p>&nbsp;<\/p>\n","protected":false},"excerpt":{"rendered":"<p><strong>Th\u00f4ng s\u1ed1 k\u1ef9 thu\u1eadt<\/strong><\/p>\n<ul>\n<li>Ph\u1ea7n c\u1ee9ng: Seagate NAS<\/li>\n<li>Firmware: by AirplayCar.com<\/li>\n<li>LAN: 1x RJ45 t\u1ed1c \u0111\u1ed9 Gigabit 10\/100\/1000Mbps<\/li>\n<li>USB 2.0: 1 x ph\u00eda sau<\/li>\n<li>LED: 1 \u0111\u00e8n led b\u00e1o hi\u1ec7u tr\u1ea1ng th\u00e1i ph\u00eda tr\u01b0\u1edbc, 1 \u0111\u00e8n led b\u00e1o hi\u1ec7u m\u1ea1ng ph\u00eda sau<\/li>\n<li>SATA: 1 x SSD\/HDD<\/li>\n<li>C\u1ea5p ngu\u1ed3n: 12V2A v\u1edbi Adapter 220v<\/li>\n<li>Ho\u1ea1t \u0111\u1ed9ng: 24\/7<\/li>\n<li>Kh\u00f4ng s\u1eed s\u1ee5ng qu\u1ea1t<\/li>\n<\/ul>\n<p><em>*Thi\u1ebft b\u1ecb thi\u1ebft k\u1ebf \u0111\u1ec3 ch\u1ea1y li\u00ean t\u1ee5c 24\/7.\u00a0<\/em><\/p>\n<p><img decoding=\"async\" loading=\"lazy\" class=\"alignnone size-medium\" src=\"https:\/\/user-images.githubusercontent.com\/5447088\/50716739-ebd26700-107a-11e9-9817-14230c53efd2.gif\" width=\"2582\" height=\"1660\" \/><\/p>\n<p><strong>M\u1ed9t b\u1ed9 g\u1ed3m:<\/strong> Dock NAS + Adapter (t\u1eb7ng k\u00e8m d\u00e2y c\u00e1p LAN)<img decoding=\"async\" loading=\"lazy\" class=\"alignnone size-full wp-image-1479\" src=\"https:\/\/airplaycar.com\/wp-content\/uploads\/2022\/09\/dock-adapter-calbe-lan.jpg\" alt=\"\" width=\"937\" height=\"825\" srcset=\"https:\/\/airplaycar.com\/wp-content\/uploads\/2022\/09\/dock-adapter-calbe-lan.jpg 937w, https:\/\/airplaycar.com\/wp-content\/uploads\/2022\/09\/dock-adapter-calbe-lan-300x264.jpg 300w, https:\/\/airplaycar.com\/wp-content\/uploads\/2022\/09\/dock-adapter-calbe-lan-768x676.jpg 768w, https:\/\/airplaycar.com\/wp-content\/uploads\/2022\/09\/dock-adapter-calbe-lan-600x528.jpg 600w\" sizes=\"(max-width: 937px) 100vw, 937px\" \/><\/p>\n<p>&nbsp;<\/p>\n","protected":false},"featured_media":1454,"template":"","meta":[],"product_cat":[57],"product_tag":[],"_links":{"self":[{"href":"https:\/\/airplaycar.com\/index.php\/wp-json\/wp\/v2\/product\/1453"}],"collection":[{"href":"https:\/\/airplaycar.com\/index.php\/wp-json\/wp\/v2\/product"}],"about":[{"href":"https:\/\/airplaycar.com\/index.php\/wp-json\/wp\/v2\/types\/product"}],"wp:featuredmedia":[{"embeddable":true,"href":"https:\/\/airplaycar.com\/index.php\/wp-json\/wp\/v2\/media\/1454"}],"wp:attachment":[{"href":"https:\/\/airplaycar.com\/index.php\/wp-json\/wp\/v2\/media?parent=1453"}],"wp:term":[{"taxonomy":"product_cat","embeddable":true,"href":"https:\/\/airplaycar.com\/index.php\/wp-json\/wp\/v2\/product_cat?post=1453"},{"taxonomy":"product_tag","embeddable":true,"href":"https:\/\/airplaycar.com\/index.php\/wp-json\/wp\/v2\/product_tag?post=1453"}],"curies":[{"name":"wp","href":"https:\/\/api.w.org\/{rel}","templated":true}]}}