{"id":1698,"date":"2022-10-10T13:11:08","date_gmt":"2022-10-10T06:11:08","guid":{"rendered":"https:\/\/airplaycar.com\/?post_type=product&#038;p=1698"},"modified":"2024-10-15T11:38:16","modified_gmt":"2024-10-15T04:38:16","slug":"xiaomi-miwifi-mini","status":"publish","type":"product","link":"https:\/\/airplaycar.com\/index.php\/product\/xiaomi-miwifi-mini\/","title":{"rendered":"MiWifi Mini &#8211; 433Mhz Router"},"content":{"rendered":"<p>Router wifi Xiaomi mini \u0111\u00e3 \u0111\u01b0\u1ee3c Flash l\u1ea1i firmware Openwrt c\u00f3 \u0111\u1ea7y \u0111\u1ee7 t\u00ednh n\u0103ng router wifi th\u00f4ng th\u01b0\u1eddng, v\u00e0 h\u1ed7 tr\u1ee3 th\u00eam:<\/p>\n<ul>\n<li>USB DVB-T \/ USB RTL.SDR :<a href=\"\/index.php\/knowledge-base\/cam-bien-433mhz-vo-home-assistant\/\"> thu d\u1eef li\u1ec7u t\u1eeb c\u00e1c c\u1ea3m bi\u1ebfn RF 433Mhz<\/a> \u0111\u01b0a l\u00ean nh\u00e0 th\u00f4ng minh Home Assistant\/Domoticz<\/li>\n<li><a href=\"\/index.php\/knowledge-base\/truy-cap-home-assistant-qua-internet\/\">H\u1ed7 tr\u1ee3 truy c\u1eadp t\u1eeb xa Home Assistant qua t\u00ean mi\u1ec1n<\/a> https:\/\/XXX.hass.day<\/li>\n<\/ul>\n<p>Chip set MediaTek MT720A, 2 b\u0103ng t\u1ea7ng 5Ghz\/2.4Ghz (802.11ac + bgn)<\/p>\n<p>CPU 580Mhz, Flash 16MB, RAM 128MB<\/p>\n<p>Tham kh\u1ea3o th\u00eam <a href=\"\/index.php\/knowledge-base\/category\/433router\/\">h\u01b0\u1edbng d\u1eabn s\u1eed d\u1ee5ng<\/a>.<\/p>\n","protected":false},"excerpt":{"rendered":"<p>S\u1ea3n ph\u1ea9m bao g\u1ed3m:<\/p>\n<ul>\n<li>Router Xiaomi Mini (<em><strong>H\u00e0ng \u0111\u00e3 qua s\u1eed d\u1ee5ng, \u0111\u1eb9p tr\u00ean 95%<\/strong><\/em>)<\/li>\n<li>Adapter 12V1A<\/li>\n<\/ul>\n<p>L\u01b0u \u00fd: kh\u00f4ng bao g\u1ed3m USB DVB-T v\u00e0 c\u1ea3m bi\u1ebfn<\/p>\n","protected":false},"featured_media":1701,"template":"","meta":[],"product_cat":[57],"product_tag":[],"_links":{"self":[{"href":"https:\/\/airplaycar.com\/index.php\/wp-json\/wp\/v2\/product\/1698"}],"collection":[{"href":"https:\/\/airplaycar.com\/index.php\/wp-json\/wp\/v2\/product"}],"about":[{"href":"https:\/\/airplaycar.com\/index.php\/wp-json\/wp\/v2\/types\/product"}],"wp:featuredmedia":[{"embeddable":true,"href":"https:\/\/airplaycar.com\/index.php\/wp-json\/wp\/v2\/media\/1701"}],"wp:attachment":[{"href":"https:\/\/airplaycar.com\/index.php\/wp-json\/wp\/v2\/media?parent=1698"}],"wp:term":[{"taxonomy":"product_cat","embeddable":true,"href":"https:\/\/airplaycar.com\/index.php\/wp-json\/wp\/v2\/product_cat?post=1698"},{"taxonomy":"product_tag","embeddable":true,"href":"https:\/\/airplaycar.com\/index.php\/wp-json\/wp\/v2\/product_tag?post=1698"}],"curies":[{"name":"wp","href":"https:\/\/api.w.org\/{rel}","templated":true}]}}