{"id":2318,"date":"2023-11-23T16:28:11","date_gmt":"2023-11-23T09:28:11","guid":{"rendered":"https:\/\/airplaycar.com\/?post_type=product&#038;p=2318"},"modified":"2024-10-15T11:36:47","modified_gmt":"2024-10-15T04:36:47","slug":"box-nhac-nghi-le","status":"publish","type":"product","link":"https:\/\/airplaycar.com\/index.php\/product\/box-nhac-nghi-le\/","title":{"rendered":"Box Nh\u1ea1c Nghi L\u1ec5"},"content":{"rendered":"<p>B\u1ed9 \u0111i\u1ec1u khi\u1ec3n Nh\u1ea1c Nghi L\u1ec5 s\u1eed d\u1ee5ng thay th\u1ebf cho c\u00e1c ngu\u1ed3n ph\u00e1t nh\u1ea1c USB\/Bluetooth\/M\u00e1y t\u00ednh, \u01b0u \u0111i\u1ec3m c\u1ee7a B\u1ed9 n\u00e0y l\u00e0 h\u1ed7 tr\u1ee3 \u0111i\u1ec1u khi\u1ec3n b\u1eb1ng c\u00e1c n\u00fat nh\u1ea5n kh\u00f4ng d\u00e2y, nh\u1ea5n nhanh ch\u00f3ng v\u00e0 \u0111\u1ea3m b\u1ea3o \u0111i\u1ec1u khi\u1ec3n ch\u00ednh x\u00e1c.<\/p>\n<p>C\u1eadp nh\u1eadt thay \u0111\u1ed5i file nh\u1ea1c qua web &#8211; Filebrowser.<\/p>\n<p><a href=\"\/index.php\/knowledge-base\/gioi-thieu-box-nhac-nghi-le\/\">Chi ti\u1ebft v\u1ec1 s\u1ea3n ph\u1ea9m.<\/a><\/p>\n","protected":false},"excerpt":{"rendered":"<p>Trong b\u1ed9 g\u1ed3m:<\/p>\n<ul>\n<li>Box ch\u01b0a nh\u1ea1c dung l\u01b0\u1ee3ng 5Gb + Adapter 5V<\/li>\n<li>USB Sound card<\/li>\n<li>B\u1ed9 b\u00e0n ph\u00edm kh\u00f4ng d\u00e2y Numeric keypad + \u0111\u1ea7u thu t\u00edn hi\u1ec7u USB<\/li>\n<\/ul>\n","protected":false},"featured_media":2319,"template":"","meta":[],"product_cat":[57,61],"product_tag":[],"_links":{"self":[{"href":"https:\/\/airplaycar.com\/index.php\/wp-json\/wp\/v2\/product\/2318"}],"collection":[{"href":"https:\/\/airplaycar.com\/index.php\/wp-json\/wp\/v2\/product"}],"about":[{"href":"https:\/\/airplaycar.com\/index.php\/wp-json\/wp\/v2\/types\/product"}],"wp:featuredmedia":[{"embeddable":true,"href":"https:\/\/airplaycar.com\/index.php\/wp-json\/wp\/v2\/media\/2319"}],"wp:attachment":[{"href":"https:\/\/airplaycar.com\/index.php\/wp-json\/wp\/v2\/media?parent=2318"}],"wp:term":[{"taxonomy":"product_cat","embeddable":true,"href":"https:\/\/airplaycar.com\/index.php\/wp-json\/wp\/v2\/product_cat?post=2318"},{"taxonomy":"product_tag","embeddable":true,"href":"https:\/\/airplaycar.com\/index.php\/wp-json\/wp\/v2\/product_tag?post=2318"}],"curies":[{"name":"wp","href":"https:\/\/api.w.org\/{rel}","templated":true}]}}